{"id":62,"date":"2011-05-02T22:20:38","date_gmt":"2011-05-02T22:20:38","guid":{"rendered":"http:\/\/mariawells.se\/wpmwse\/?page_id=62"},"modified":"2023-02-27T11:21:11","modified_gmt":"2023-02-27T11:21:11","slug":"bocker","status":"publish","type":"page","link":"https:\/\/mariawells.se\/?page_id=62","title":{"rendered":"B\u00d6CKER"},"content":{"rendered":"<table class=\"tabbgbooks\" border=\"0\" width=\"878\" cellspacing=\"0\" cellpadding=\"0\">\n<tbody>\n<tr>\n<td>\n<table border=\"0\" width=\"592\" cellspacing=\"0\" cellpadding=\"0\" align=\"left\">\n<tbody>\n<tr>\n<td class=\"tbtext\" style=\"text-align: left;\" height=\"720\">\n<h1>Aktuella b\u00f6cker<\/h1>\n<p><strong>L\u00e4ppstiftet<\/strong><\/p>\n<p class=\"title-heading-left fusion-responsive-typography-calculated\" data-fontsize=\"18\" data-lineheight=\"27px\">Tre kvinnor som har tappat bort sig sj\u00e4lva reser till samma medelhavs\u00f6<br \/>\nf\u00f6r att f\u00e5 perspektiv p\u00e5 sina liv och ett avbrott i vardagen.<br \/>\nDe utforskar sidor av sig sj\u00e4lva som l\u00e4nge varit gl\u00f6mda och g\u00f6mda.<br \/>\nVad som h\u00e4nder p\u00e5 \u00f6n stannar p\u00e5 \u00f6n\u2026<\/p>\n<p>Finns bl a hos<br \/>\n<a href=\"https:\/\/www.adlibris.com\/se\/bok\/lappstiftet-9789188867537\" target=\"_blank\" rel=\"noopener\">Adlibris<\/a><br \/>\n<a href=\"https:\/\/www.plusbok.se\/laeppstiftet-maria-wells-christine-burewall-9789188867537\" target=\"_blank\" rel=\"noopener\">Plusbok<\/a><br \/>\n<a href=\"https:\/\/www.bokus.com\/bok\/9789188867537\/lappstiftet\/\" target=\"_blank\" rel=\"noopener\">Bokus<\/a><br \/>\n<a href=\"https:\/\/www.akademibokhandeln.se\/bok\/lappstiftet\/9789188867537\/\" target=\"_blank\" rel=\"noopener\">Akademibokhandeln<\/a><\/p>\n<p><img loading=\"lazy\" decoding=\"async\" class=\"size-medium wp-image-294 alignnone\" src=\"https:\/\/mariawells.se\/wp-content\/uploads\/2011\/05\/lappstiftet-s-196x300.jpg\" alt=\"lappstiftet-s\" width=\"196\" height=\"300\" srcset=\"https:\/\/mariawells.se\/wp-content\/uploads\/2011\/05\/lappstiftet-s-196x300.jpg 196w, https:\/\/mariawells.se\/wp-content\/uploads\/2011\/05\/lappstiftet-s-669x1024.jpg 669w, https:\/\/mariawells.se\/wp-content\/uploads\/2011\/05\/lappstiftet-s.jpg 800w\" sizes=\"(max-width: 196px) 100vw, 196px\" \/><\/p>\n<hr \/>\n<p>&nbsp;<\/p>\n<p><strong>Mammaf\u00e4llan<\/strong> och <strong>Mammatankar<\/strong> finns nu som ljudb\u00f6cker inl\u00e4sta av Maria Wells.<br \/>\nKlicka p\u00e5 omslagen f\u00f6r att lyssna p\u00e5 b\u00f6ckerna hos Storytell.<\/p>\n<table border=\"0\" width=\"500\">\n<tbody>\n<tr>\n<td><a href=\"https:\/\/www.storytel.com\/se\/sv\/books\/1019697-Mammafaellan\" target=\"_blank\" rel=\"noopener\"><img loading=\"lazy\" decoding=\"async\" class=\"alignnone wp-image-296 size-thumbnail\" title=\"bok_mammafallan\" src=\"https:\/\/mariawells.se\/wp-content\/uploads\/2011\/05\/mammafallan-lb-150x150.jpg\" alt=\"Mammaf\u00e4llan ljudbok\" width=\"150\" height=\"150\" srcset=\"https:\/\/mariawells.se\/wp-content\/uploads\/2011\/05\/mammafallan-lb-150x150.jpg 150w, https:\/\/mariawells.se\/wp-content\/uploads\/2011\/05\/mammafallan-lb-300x300.jpg 300w, https:\/\/mariawells.se\/wp-content\/uploads\/2011\/05\/mammafallan-lb.jpg 800w\" sizes=\"(max-width: 150px) 100vw, 150px\" \/><\/a><\/td>\n<td><a href=\"https:\/\/www.storytel.com\/se\/sv\/books\/1019699-Mammatankar\" target=\"_blank\" rel=\"noopener\"><img loading=\"lazy\" decoding=\"async\" class=\"alignnone wp-image-297 size-thumbnail\" style=\"border: 0px none;\" title=\"bok_mammatankar\" src=\"https:\/\/mariawells.se\/wp-content\/uploads\/2011\/05\/mammatankar-lb-150x150.jpg\" alt=\"Mammatankar ljudbok\" width=\"150\" height=\"150\" border=\"0\" srcset=\"https:\/\/mariawells.se\/wp-content\/uploads\/2011\/05\/mammatankar-lb-150x150.jpg 150w, https:\/\/mariawells.se\/wp-content\/uploads\/2011\/05\/mammatankar-lb-300x300.jpg 300w, https:\/\/mariawells.se\/wp-content\/uploads\/2011\/05\/mammatankar-lb.jpg 800w\" sizes=\"(max-width: 150px) 100vw, 150px\" \/><\/a><\/td>\n<\/tr>\n<\/tbody>\n<\/table>\n<p>&nbsp;<\/p>\n<hr \/>\n<p><a href=\"http:\/\/media.mariawells.se\/2011\/05\/bocker_portr_big.jpg\"><img loading=\"lazy\" decoding=\"async\" class=\"alignleft size-thumbnail wp-image-76\" title=\"bocker_portr_big\" src=\"http:\/\/media.mariawells.se\/2011\/05\/bocker_portr_big-150x150.jpg\" alt=\"Maria Wells\" width=\"150\" height=\"150\" border=\"0\" \/><\/a><\/p>\n<p><strong>2009 <\/strong>sl\u00e4ppte Maria sin debutbok \u201dMammaf\u00e4llan\u201d<strong><br \/>\n2011<\/strong> kom uppf\u00f6ljaren \u201dMammatankar\u201d<br \/>\n<strong>2015<\/strong> sl\u00e4pptes novellsamlingen &#8221;12 minuter i Paris&#8221; (<a href=\"http:\/\/ordberoende.com\/\" target=\"_blank\" rel=\"noopener\">Ordberoende f\u00f6rlag<\/a>)<br \/>\n<strong>2016<\/strong> kommer &#8221;12 minuter i Pefkos&#8221; (<a href=\"http:\/\/ordberoende.com\/\" target=\"_blank\" rel=\"noopener\">Ordberoende f\u00f6rlag<\/a>)Jag har p\u00e5 n\u00e5t s\u00e4tt framtr\u00e4tt med ord i hela mitt liv. Vanligtvis syns och h\u00f6rs jag p\u00e5 olika scener runt om i landet, mestadels p\u00e5 turn\u00e9 med Rhapsody In Rock.<br \/>\nS\u00e5 mina ord brukar komma ut p\u00e5 ett mer musikaliskt s\u00e4tt, fyllt av olika harmonier, brassriff, basg\u00e5ngar, pianosolon och framf\u00f6r allt st\u00e4ms\u00e5ng.<br \/>\nMin debutbok &#8221;Mammaf\u00e4llan&#8221; f\u00f6ddes under en s\u00e5n h\u00e4r turn\u00e9 n\u00e4r jag hade tagit en ledig sommardag. Den skulle spenderas med barnen och den skulle definitivt spenderas vid havet.<br \/>\nDen h\u00e4r dagen fylldes av olika h\u00e4ndelser, som jag bara k\u00e4nde att jag m\u00e5ste skriva ner. Egentligen mest f\u00f6r att jag sj\u00e4lv aldrig skulle gl\u00f6mma bort den.<\/p>\n<p style=\"text-align: left;\"><a href=\"http:\/\/media.mariawells.se\/2011\/05\/hemmingway.jpg\"><span class=\"floatright\"><img loading=\"lazy\" decoding=\"async\" class=\"alignright size-medium wp-image-70\" title=\"hemmingway\" src=\"http:\/\/media.mariawells.se\/2011\/05\/hemmingway-300x225.jpg\" alt=\"\" width=\"300\" height=\"225\" srcset=\"https:\/\/mariawells.se\/wp-content\/uploads\/2011\/05\/hemmingway-300x225.jpg 300w, https:\/\/mariawells.se\/wp-content\/uploads\/2011\/05\/hemmingway.jpg 500w\" sizes=\"(max-width: 300px) 100vw, 300px\" \/><\/span><\/a>S\u00e5 satt jag d\u00e4r till slut, med inte bara en historia om just den h\u00e4r dagen, utan ett helt manus till en bok fylld av h\u00e4ndelser, tankar, funderingar, upplevelser kring mammalivet.<br \/>\nD\u00e4r finns en hel del goda skratt, mycket humor och ett och annat tips om hur\u00a0 man mitt i vardags-stressen kan v\u00e4lja att skratta lite mer, f\u00f6r det vore ju synd att missa allt det roliga bara f\u00f6r att man stressar&#8230;.alldeles i on\u00f6dan.<\/p>\n<p style=\"text-align: left;\">Skrivandet visade sig passa mig alldeles utm\u00e4rkt och nu har jag tv\u00e5 b\u00f6cker som finns ute i handeln\u00a0\u00a0\u00a0 \u201dMammaf\u00e4llan&#8221; och &#8221;Mammatankar&#8221;.<\/p>\n<p style=\"text-align: left;\">Numera h\u00e5ller jag ocks\u00e5 f\u00f6redrag om f\u00f6r\u00e4ldrarollen, baserat p\u00e5 texter ur mina b\u00e5da b\u00f6cker. D\u00e4r blandar jag mycket humor med s\u00e5ng.<\/p>\n<p>&nbsp;<\/p>\n<table border=\"0\" width=\"500\">\n<tbody>\n<tr>\n<td><img loading=\"lazy\" decoding=\"async\" class=\"size-full wp-image-88 alignnone\" title=\"bok_mammafallan\" src=\"http:\/\/media.mariawells.se\/2011\/05\/bok_mammafallan.jpg\" alt=\"Mammaf\u00e4llan\" width=\"196\" height=\"283\" \/><\/td>\n<td><img loading=\"lazy\" decoding=\"async\" class=\"size-full wp-image-31 alignnone\" style=\"border: 0px none;\" title=\"bok_mammatankar\" src=\"http:\/\/media.mariawells.se\/2011\/05\/bok_mammatankar.jpg\" alt=\"Mammatankar av Maria Wells\" width=\"196\" height=\"283\" border=\"0\" \/><\/td>\n<\/tr>\n<\/tbody>\n<\/table>\n<p><strong>Mammaf\u00e4llan<\/strong><br \/>\nHj\u00e4lp, hur hamnade jag i mammaf\u00e4llan?<\/p>\n<p>En h\u00e4rlig sj\u00e4lvbiografisk humorbok med h\u00f6g igenk\u00e4nningsfaktor f\u00f6r alla mammor till sm\u00e5 och stora barn!<\/p>\n<p>Mammaf\u00e4llan hj\u00e4lp, hur hamnade jag d\u00e4r? Och hur kunde jag tro att det var slut med i v\u00e4ntans tider n\u00e4r barnen v\u00e4l hade kommit ut ur magen? Det var ju d\u00e5 det verkligen b\u00f6rjade! Ungar som skulle skjutsas hit och dit, tr\u00e4ningar och dansuppvisningar att inte tala om alla julspel! D\u00e5 \u00e4r det l\u00e4tt att k\u00e4nna sig som en bl\u00e4ckfiskmamma som ska n\u00e5 \u00f6verallt och fixa allt f\u00f6r alla i familjen.<\/p>\n<p>Men vart tog jag sj\u00e4lv v\u00e4gen? Hon, den unga, v\u00e4ltr\u00e4nade pinglan mitt i karri\u00e4ren vars bild jag brukade m\u00f6ta i spegeln<\/p>\n<p>Den h\u00e4r boken handlar om lusjakt och chokladbeg\u00e4r, om \u00e5derbr\u00e5ck, l\u00f6sh\u00e5r och f\u00f6rsvunna herdedr\u00e4kter, om hysteriska sommarutflykter och en motorshow i Globen som slutar med ett pinsamt asgarv (Tony Rickardsson t\u00e4nk att du fanns p\u00e5 riktigt!!!).<\/p>\n<p>Sist men inte minst handlar den om livet som mamma och om vikten av att f\u00e5 lite tid f\u00f6r sig sj\u00e4lv ibland.<\/p>\n<p>&nbsp;<\/p>\n<p><strong>Mammatankar<\/strong><\/p>\n<p>Hj\u00e4lp, jag har f\u00e5tt ton\u00e5ringar! S\u00f6ner med gigantiska f\u00f6tter och bullrande basr\u00f6ster som slukar tio liter mj\u00f6lk om dagen och mest tycker att mamma \u00e4r ett st\u00f6rande moment.<\/p>\n<p>Helt pl\u00f6tsligt har barnen blivit ton\u00e5ringar och den f\u00f6re detta sm\u00e5barnsmamman f\u00e5r lite tid \u00f6ver f\u00f6r sig sj\u00e4lv. Tid att \u00e5ka p\u00e5 skrivarkurs, tid att tr\u00e4ffa v\u00e4ninnorna p\u00e5 en tjejmiddag som p\u00e5g\u00e5r hela natten och tid att tr\u00e4na p\u00e5 hambo &#8211; ifall de mot f\u00f6rmodan skulle ringa fr\u00e5n Let\u00b4s Dance &#8230; Men ocks\u00e5 tid f\u00f6r mystiska dr\u00f6mmar om Dressmankillarna och funderingar \u00f6ver det hemliga f\u00f6rh\u00e5llandet med Reine Brynolfsson (som sj\u00e4lv \u00e4r totalt ovetande), fast man \u00e4r lyckligt gift.<\/p>\n<p>Det h\u00e4r \u00e4r en humorbok f\u00f6r alla mammor om f\u00f6r\u00e4ndringar i livet, relationerna och \u00e4ven av kroppen, som inte l\u00e4ngre \u00e4r purung. (T\u00e4nk att f\u00e5 ber\u00f6m av den ena expertisen f\u00f6r att man har en fin b\u00e4ckenbotten medan den andra s\u00e4ger att man m\u00e5ste ta b\u00e4ttre hand om sin tandsten!) Inte minst handlar den om gl\u00e4djen \u00f6ver att ha fyllt 40 och kanske inte direkt \u00e4r n\u00e5gon MILF men \u00e4nd\u00e5 \u00e4r lycklig \u00f6ver att vara den man \u00e4r.<\/p>\n<p><a href=\"http:\/\/media.mariawells.se\/2016\/03\/skriv3.jpg\"><img loading=\"lazy\" decoding=\"async\" title=\"skriv3\" src=\"http:\/\/media.mariawells.se\/2016\/03\/skriv3.jpg\" alt=\"\" width=\"500\" height=\"333\" \/><\/a><\/p>\n<hr \/>\n<table border=\"0\" width=\"500\">\n<tbody>\n<tr>\n<td>\n<div align=\"center\"><img loading=\"lazy\" decoding=\"async\" class=\"size-full wp-image-211\" title=\"bok_12minuter\" src=\"http:\/\/media.mariawells.se\/2016\/03\/bok_12minuter.jpg\" alt=\"\" width=\"196\" height=\"283\" \/><\/div>\n<\/td>\n<\/tr>\n<\/tbody>\n<\/table>\n<p><strong><br \/>\n12 Minuter i Paris<\/strong><\/p>\n<p>I novellsamlingen \u201d12 minuter i Paris\u201d f\u00e5r l\u00e4saren f\u00f6lja 25 f\u00f6rfattares olika karakt\u00e4r, dennes tankar, funderingar och h\u00e4ndelser under exakt samma 12 minuter, p\u00e5 samma plats, p\u00e5 det lilla cafe\u00e9t i Paris. Bered dig p\u00e5 en upplevelse som ber\u00f6r med sp\u00e4nning, gl\u00e4dje, f\u00f6rv\u00e4ntan, k\u00e4rlek och sorg. Boken \u00e4r utgiven p\u00e5 Ordberoende f\u00f6rlag.<\/p>\n<p>&nbsp;<\/td>\n<\/tr>\n<\/tbody>\n<\/table>\n<\/td>\n<\/tr>\n<\/tbody>\n<\/table>\n","protected":false},"excerpt":{"rendered":"<p>Aktuella b\u00f6cker L\u00e4ppstiftet Tre kvinnor som har tappat bort sig sj\u00e4lva reser till samma medelhavs\u00f6 f\u00f6r att f\u00e5 perspektiv p\u00e5 sina liv och ett avbrott i vardagen. De utforskar sidor av sig sj\u00e4lva som l\u00e4nge varit gl\u00f6mda och g\u00f6mda. Vad som h\u00e4nder p\u00e5 \u00f6n stannar p\u00e5 \u00f6n\u2026 Finns bl a hos Adlibris Plusbok Bokus Akademibokhandeln &hellip;<\/p>\n<p class=\"read-more\"> <a class=\"\" href=\"https:\/\/mariawells.se\/?page_id=62\"> <span class=\"screen-reader-text\">B\u00d6CKER<\/span> L\u00e4s mer &raquo;<\/a><\/p>\n","protected":false},"author":1,"featured_media":0,"parent":0,"menu_order":3,"comment_status":"closed","ping_status":"open","template":"","meta":{"site-sidebar-layout":"default","site-content-layout":"","ast-site-content-layout":"","site-content-style":"default","site-sidebar-style":"default","ast-global-header-display":"","ast-banner-title-visibility":"","ast-main-header-display":"","ast-hfb-above-header-display":"","ast-hfb-below-header-display":"","ast-hfb-mobile-header-display":"","site-post-title":"","ast-breadcrumbs-content":"","ast-featured-img":"","footer-sml-layout":"","theme-transparent-header-meta":"","adv-header-id-meta":"","stick-header-meta":"","header-above-stick-meta":"","header-main-stick-meta":"","header-below-stick-meta":"","astra-migrate-meta-layouts":"","ast-page-background-enabled":"default","ast-page-background-meta":{"desktop":{"background-color":"var(--ast-global-color-4)","background-image":"","background-repeat":"repeat","background-position":"center center","background-size":"auto","background-attachment":"scroll","background-type":"","background-media":"","overlay-type":"","overlay-color":"","overlay-gradient":""},"tablet":{"background-color":"","background-image":"","background-repeat":"repeat","background-position":"center center","background-size":"auto","background-attachment":"scroll","background-type":"","background-media":"","overlay-type":"","overlay-color":"","overlay-gradient":""},"mobile":{"background-color":"","background-image":"","background-repeat":"repeat","background-position":"center center","background-size":"auto","background-attachment":"scroll","background-type":"","background-media":"","overlay-type":"","overlay-color":"","overlay-gradient":""}},"ast-content-background-meta":{"desktop":{"background-color":"var(--ast-global-color-5)","background-image":"","background-repeat":"repeat","background-position":"center center","background-size":"auto","background-attachment":"scroll","background-type":"","background-media":"","overlay-type":"","overlay-color":"","overlay-gradient":""},"tablet":{"background-color":"var(--ast-global-color-5)","background-image":"","background-repeat":"repeat","background-position":"center center","background-size":"auto","background-attachment":"scroll","background-type":"","background-media":"","overlay-type":"","overlay-color":"","overlay-gradient":""},"mobile":{"background-color":"var(--ast-global-color-5)","background-image":"","background-repeat":"repeat","background-position":"center center","background-size":"auto","background-attachment":"scroll","background-type":"","background-media":"","overlay-type":"","overlay-color":"","overlay-gradient":""}},"footnotes":""},"_links":{"self":[{"href":"https:\/\/mariawells.se\/index.php?rest_route=\/wp\/v2\/pages\/62"}],"collection":[{"href":"https:\/\/mariawells.se\/index.php?rest_route=\/wp\/v2\/pages"}],"about":[{"href":"https:\/\/mariawells.se\/index.php?rest_route=\/wp\/v2\/types\/page"}],"author":[{"embeddable":true,"href":"https:\/\/mariawells.se\/index.php?rest_route=\/wp\/v2\/users\/1"}],"replies":[{"embeddable":true,"href":"https:\/\/mariawells.se\/index.php?rest_route=%2Fwp%2Fv2%2Fcomments&post=62"}],"version-history":[{"count":88,"href":"https:\/\/mariawells.se\/index.php?rest_route=\/wp\/v2\/pages\/62\/revisions"}],"predecessor-version":[{"id":336,"href":"https:\/\/mariawells.se\/index.php?rest_route=\/wp\/v2\/pages\/62\/revisions\/336"}],"wp:attachment":[{"href":"https:\/\/mariawells.se\/index.php?rest_route=%2Fwp%2Fv2%2Fmedia&parent=62"}],"curies":[{"name":"wp","href":"https:\/\/api.w.org\/{rel}","templated":true}]}}