{"id":35,"date":"2011-05-01T23:47:50","date_gmt":"2011-05-01T23:47:50","guid":{"rendered":"http:\/\/mariawells.se\/wpmwse\/?page_id=35"},"modified":"2023-02-27T11:21:11","modified_gmt":"2023-02-27T11:21:11","slug":"om-maria","status":"publish","type":"page","link":"https:\/\/mariawells.se\/?page_id=35","title":{"rendered":"CV"},"content":{"rendered":"<table class=\"tabbgcv\" border=\"0\" width=\"878\" cellspacing=\"0\" cellpadding=\"0\">\n<tbody>\n<tr>\n<td>\n<table border=\"0\" width=\"590\" cellspacing=\"0\" cellpadding=\"0\" align=\"left\">\n<tbody>\n<tr>\n<td class=\"tbtext\">\n<div>\n<p style=\"text-align: center;\"><strong>CV- MARIA WELLS<\/strong><\/p>\n<p style=\"text-align: center;\"><strong><a href=\"http:\/\/media.mariawells.se\/2011\/05\/cv.jpg\"><img loading=\"lazy\" decoding=\"async\" class=\"alignnone size-full wp-image-41\" title=\"cv\" src=\"http:\/\/media.mariawells.se\/2011\/05\/cv.jpg\" alt=\"Maria Wells\" width=\"250\" height=\"239\" border=\"0\" \/><\/a><\/strong><br \/>\nBlond, Bl\u00e5gr\u00f6na \u00f6gon, 173 cm<br \/>\nAlt &amp; Mezzo, f\u00f6dd 1965<\/p>\n<p style=\"text-align: center;\">Maria sjunger med showgruppen &#8221;Vocalettes&#8221; som\u00a0 under tio s\u00e4songer g\u00e4stat &#8221;Rhapsody In Rock&#8221;. Hon har ocks\u00e5 under m\u00e5nga \u00e5r spelat revy med komikerparet Stefan &amp; Krister,\u00a0 \u00e4r grundare till vocalgruppen &#8221;AVEC&#8221;, samt arbetat med showproduktion och showupps\u00e4ttning p\u00e5 Ving\/Thomas Cook<br \/>\nMaria \u00e4r ocks\u00e5 f\u00f6rfattare. Debutboken &#8221;Mammaf\u00e4llan&#8221; sl\u00e4pptes 2009<\/p>\n<p style=\"text-align: center;\">Nu kommer ocks\u00e5 soloskivan &#8221;For The Love&#8221; Musik:Robert Wells,\u00a0 Text: Camilla L\u00e4ckberg<\/p>\n<\/div>\n<div>\n<table border=\"0\" width=\"95%\" cellspacing=\"0\" cellpadding=\"10\">\n<tbody>\n<tr>\n<td style=\"text-align: left;\" valign=\"top\" width=\"80%\"><strong><br \/>\nMusikaliska erfarenheter<\/strong><\/td>\n<td valign=\"top\"><\/td>\n<\/tr>\n<tr>\n<td style=\"text-align: left;\" valign=\"top\" width=\"80%\">Rhapsody In Rock<\/p>\n<p>Cirkus Stockholm, B\u00f6rsen Stockholm, OS Beijing Rhapsody In Rock Special<\/td>\n<td valign=\"top\" width=\"20%\">2002 -2016<\/p>\n<p style=\"text-align: left;\">2008<\/p>\n<\/td>\n<\/tr>\n<tr>\n<td valign=\"top\">Krogshowen &#8221;20 \u00e5r under b\u00e4ltet&#8221; med Stefan &amp; Krister<\/td>\n<td style=\"text-align: left;\" valign=\"top\">1999 -2001<\/td>\n<\/tr>\n<tr>\n<td valign=\"top\">Krogshow &#8221;Petersson AVEC Petterson&#8221; med Thomas Petersson och &#8221;Kryddan&#8221;<\/td>\n<td style=\"text-align: left;\" valign=\"top\">1995 -1996<\/td>\n<\/tr>\n<tr>\n<td valign=\"top\">Alls\u00e5ng p\u00e5 Skansen<\/td>\n<td style=\"text-align: left;\" valign=\"top\">1993-1995,<br \/>\n2005, 2011<\/td>\n<\/tr>\n<tr>\n<td valign=\"top\">Revyn Sk\u00e5pbubblor<\/td>\n<td style=\"text-align: left;\" valign=\"top\">1990-1994<\/td>\n<\/tr>\n<tr>\n<td valign=\"top\">Jag minns mitt 50-tal konsertturne\u00b4med Bernt Egerblad<\/td>\n<td style=\"text-align: left;\" valign=\"top\">1988-1989<\/td>\n<\/tr>\n<tr>\n<td style=\"text-align: left;\" valign=\"top\">Entertainer &amp; Showprod. Sunwing Hotels<\/td>\n<td style=\"text-align: left;\" valign=\"top\">1982-1990<\/td>\n<\/tr>\n<tr>\n<td valign=\"top\">S\u00e4ffle-Operan<\/td>\n<td style=\"text-align: left;\" valign=\"top\">1979-1982<\/td>\n<\/tr>\n<\/tbody>\n<\/table>\n<table border=\"0\" width=\"95%\" cellspacing=\"0\" cellpadding=\"10\">\n<tbody>\n<tr>\n<td valign=\"top\" width=\"70%\"><strong><br \/>\nTV-Shower<\/strong><\/td>\n<td valign=\"top\"><\/td>\n<\/tr>\n<tr>\n<td valign=\"top\">Gokv\u00e4ll<\/p>\n<p>Bingolotto Uppesittarkv\u00e4ll<\/p>\n<p>Efter 10 med Malou<\/p>\n<p>Spring Festival, China BTV<\/p>\n<p style=\"text-align: left;\">Bingolotto Uppesittarkv\u00e4ll<\/p>\n<p>Rhapsody In Rock<\/p>\n<p>Nyhetsmorgon TV4<\/p>\n<p>CCTV Peking, China, CCTV Peking OS<\/p>\n<p>Alls\u00e5ng p\u00e5 Skansen<\/p>\n<p>Julnygammalt<\/p>\n<p>Jag minns mitt 50-tal<\/p>\n<p>Div Cafe\u00b4, BingoLotto, Ny\u00e5rs- &amp; Komikprogram<\/td>\n<td valign=\"top\" width=\"30%\">2016<\/p>\n<p>2015<\/p>\n<p>2014<\/p>\n<p>2011-2013<\/p>\n<p>2012<\/p>\n<p>2002-2010<\/p>\n<p>2009-2010<\/p>\n<p>2002, 2008<\/p>\n<p>1993-95, 2005, 2011<\/p>\n<p>1993-1995<\/p>\n<p>1988-1989<\/p>\n<p>1988-<\/td>\n<\/tr>\n<\/tbody>\n<\/table>\n<table border=\"0\" width=\"95%\" cellspacing=\"0\" cellpadding=\"10\">\n<tbody>\n<tr>\n<td valign=\"top\" width=\"70%\"><strong>CD-skivor<\/strong><\/td>\n<td valign=\"top\"><\/td>\n<\/tr>\n<tr>\n<td valign=\"top\">For The Love<\/p>\n<p>Tribute To Charlie (R.Wells)<\/p>\n<p>Vocalettes &#8221;Love the 40s&#8221;<\/p>\n<p>Vocalettes &#8221;In The Spirit Of Andrew Sisters&#8221;<\/p>\n<p>Jingle Wells<\/p>\n<p>Div Rhapsody In Rock<\/p>\n<p>AVEC<\/p>\n<p>Jag minns mitt 50-tal med Bernt Egerbladh<\/td>\n<td valign=\"top\" width=\"30%\">2016<\/p>\n<p>2014<\/p>\n<p>2011<\/p>\n<p>2009<\/p>\n<p>2001<\/p>\n<p>2002-2009<\/p>\n<p>1999<\/p>\n<p>1988<\/td>\n<\/tr>\n<tr>\n<td valign=\"top\"><\/td>\n<td valign=\"top\"><\/td>\n<\/tr>\n<\/tbody>\n<\/table>\n<table border=\"0\" width=\"95%\" cellspacing=\"0\" cellpadding=\"10\">\n<tbody>\n<tr>\n<td valign=\"top\" width=\"70%\"><strong>B\u00f6cker<\/strong><\/td>\n<td valign=\"top\"><\/td>\n<\/tr>\n<tr>\n<td valign=\"top\">Novellsamlingen &#8221;12 minuter i Pefkos&#8221;<\/p>\n<p>Novellsamlingen &#8221;12 minuter i Paris&#8221;<\/p>\n<p>Antalogin &#8221;Livspusslet&#8221;<\/p>\n<p>\u201dMammatankar\u201d<\/p>\n<p>Antalogin &#8221;Kackel&#8221;<\/p>\n<p>Mammaf\u00e4llan<\/td>\n<td valign=\"top\" width=\"30%\">sept -2016<\/p>\n<p>2015<\/p>\n<p>2012<\/p>\n<p>2011<\/p>\n<p>2010<\/p>\n<p>2009<\/td>\n<\/tr>\n<tr>\n<td valign=\"top\"><strong>Annat <\/strong><\/td>\n<td valign=\"top\"><\/td>\n<\/tr>\n<tr>\n<td valign=\"top\">F\u00f6redrag om f\u00f6r\u00e4ldrarollen och f\u00f6redrag om b\u00f6ckerna<\/p>\n<p>F\u00f6redragsh\u00e5llare, Vocalettes: &#8221;3 olika v\u00e4gar mot samma m\u00e5l&#8221;<\/p>\n<p>Cert.dipl.mass\u00f6r<\/p>\n<p>Musikl\u00e4rare \u00c5k 1-5<\/td>\n<td valign=\"top\" width=\"15%\">2011-<\/p>\n<p>2007 &#8211;<\/p>\n<p>2006 &#8211;<\/p>\n<p>2005 &#8211; 2013<\/td>\n<\/tr>\n<\/tbody>\n<\/table>\n<\/div>\n<\/td>\n<\/tr>\n<\/tbody>\n<\/table>\n<\/td>\n<\/tr>\n<\/tbody>\n<\/table>\n","protected":false},"excerpt":{"rendered":"<p>CV- MARIA WELLS Blond, Bl\u00e5gr\u00f6na \u00f6gon, 173 cm Alt &amp; Mezzo, f\u00f6dd 1965 Maria sjunger med showgruppen &#8221;Vocalettes&#8221; som\u00a0 under tio s\u00e4songer g\u00e4stat &#8221;Rhapsody In Rock&#8221;. Hon har ocks\u00e5 under m\u00e5nga \u00e5r spelat revy med komikerparet Stefan &amp; Krister,\u00a0 \u00e4r grundare till vocalgruppen &#8221;AVEC&#8221;, samt arbetat med showproduktion och showupps\u00e4ttning p\u00e5 Ving\/Thomas Cook Maria \u00e4r &hellip;<\/p>\n<p class=\"read-more\"> <a class=\"\" href=\"https:\/\/mariawells.se\/?page_id=35\"> <span class=\"screen-reader-text\">CV<\/span> L\u00e4s mer &raquo;<\/a><\/p>\n","protected":false},"author":1,"featured_media":0,"parent":0,"menu_order":2,"comment_status":"closed","ping_status":"open","template":"","meta":{"site-sidebar-layout":"default","site-content-layout":"","ast-site-content-layout":"","site-content-style":"default","site-sidebar-style":"default","ast-global-header-display":"","ast-banner-title-visibility":"","ast-main-header-display":"","ast-hfb-above-header-display":"","ast-hfb-below-header-display":"","ast-hfb-mobile-header-display":"","site-post-title":"","ast-breadcrumbs-content":"","ast-featured-img":"","footer-sml-layout":"","theme-transparent-header-meta":"","adv-header-id-meta":"","stick-header-meta":"","header-above-stick-meta":"","header-main-stick-meta":"","header-below-stick-meta":"","astra-migrate-meta-layouts":"","ast-page-background-enabled":"default","ast-page-background-meta":{"desktop":{"background-color":"var(--ast-global-color-4)","background-image":"","background-repeat":"repeat","background-position":"center center","background-size":"auto","background-attachment":"scroll","background-type":"","background-media":"","overlay-type":"","overlay-color":"","overlay-gradient":""},"tablet":{"background-color":"","background-image":"","background-repeat":"repeat","background-position":"center center","background-size":"auto","background-attachment":"scroll","background-type":"","background-media":"","overlay-type":"","overlay-color":"","overlay-gradient":""},"mobile":{"background-color":"","background-image":"","background-repeat":"repeat","background-position":"center center","background-size":"auto","background-attachment":"scroll","background-type":"","background-media":"","overlay-type":"","overlay-color":"","overlay-gradient":""}},"ast-content-background-meta":{"desktop":{"background-color":"var(--ast-global-color-5)","background-image":"","background-repeat":"repeat","background-position":"center center","background-size":"auto","background-attachment":"scroll","background-type":"","background-media":"","overlay-type":"","overlay-color":"","overlay-gradient":""},"tablet":{"background-color":"var(--ast-global-color-5)","background-image":"","background-repeat":"repeat","background-position":"center center","background-size":"auto","background-attachment":"scroll","background-type":"","background-media":"","overlay-type":"","overlay-color":"","overlay-gradient":""},"mobile":{"background-color":"var(--ast-global-color-5)","background-image":"","background-repeat":"repeat","background-position":"center center","background-size":"auto","background-attachment":"scroll","background-type":"","background-media":"","overlay-type":"","overlay-color":"","overlay-gradient":""}},"footnotes":""},"_links":{"self":[{"href":"https:\/\/mariawells.se\/index.php?rest_route=\/wp\/v2\/pages\/35"}],"collection":[{"href":"https:\/\/mariawells.se\/index.php?rest_route=\/wp\/v2\/pages"}],"about":[{"href":"https:\/\/mariawells.se\/index.php?rest_route=\/wp\/v2\/types\/page"}],"author":[{"embeddable":true,"href":"https:\/\/mariawells.se\/index.php?rest_route=\/wp\/v2\/users\/1"}],"replies":[{"embeddable":true,"href":"https:\/\/mariawells.se\/index.php?rest_route=%2Fwp%2Fv2%2Fcomments&post=35"}],"version-history":[{"count":83,"href":"https:\/\/mariawells.se\/index.php?rest_route=\/wp\/v2\/pages\/35\/revisions"}],"predecessor-version":[{"id":338,"href":"https:\/\/mariawells.se\/index.php?rest_route=\/wp\/v2\/pages\/35\/revisions\/338"}],"wp:attachment":[{"href":"https:\/\/mariawells.se\/index.php?rest_route=%2Fwp%2Fv2%2Fmedia&parent=35"}],"curies":[{"name":"wp","href":"https:\/\/api.w.org\/{rel}","templated":true}]}}